{"id":4828,"date":"2015-10-26T11:08:51","date_gmt":"2015-10-26T08:08:51","guid":{"rendered":"http:\/\/impreza3.us-themes.com\/?page_id=4828"},"modified":"2022-07-19T10:32:21","modified_gmt":"2022-07-19T07:32:21","slug":"iletisim","status":"publish","type":"page","link":"https:\/\/bursahasereilaclama.com\/index.php\/iletisim\/","title":{"rendered":"\u0130leti\u015fim"},"content":{"rendered":"<section class=\"l-section wpb_row height_auto\"><div class=\"l-section-h i-cf\"><div class=\"g-cols vc_row type_default valign_top gap-10px\"><style>.g-cols.gap-10px{margin:0 calc(-1.5rem - 10px)}.gap-10px > .vc_column_container {padding:10px}<\/style><div class=\"vc_col-sm-12 wpb_column vc_column_container\"><div class=\"vc_column-inner\"><div class=\"wpb_wrapper\">\r\n\t<div class=\"wpb_text_column \">\r\n\t\t<div class=\"wpb_wrapper\">\r\n\t\t\t<h2>\u0130leti\u015fim Bilgilerimiz<\/h2>\n\r\n\t\t<\/div>\r\n\t<\/div>\r\n<div class=\"w-separator size_large\"><\/div><div class=\"g-cols wpb_row  type_default valign_top vc_inner \"><div class=\"vc_col-sm-12 wpb_column vc_column_container\"><div class=\"vc_column-inner\"><div class=\"wpb_wrapper\"><div class=\"w-iconbox iconpos_left style_default color_primary align_left no_text\"><div class=\"w-iconbox-icon\" style=\"font-size:2.5rem;\"><i class=\"fal fa-map-marker-alt\"><\/i><\/div><div class=\"w-iconbox-meta\"><h4 class=\"w-iconbox-title\">Ahmetpa\u015fa Mah. Fahrikoruturk Cad. No:80 Bursa\/Osmangazi.<\/h4><\/div><\/div><div class=\"w-separator size_small\"><\/div><div class=\"w-iconbox iconpos_left style_default color_primary align_left no_text\"><div class=\"w-iconbox-icon\" style=\"font-size:2.5rem;\"><i class=\"fal fa-phone\"><\/i><\/div><div class=\"w-iconbox-meta\"><h4 class=\"w-iconbox-title\">0542 439 70 30<\/h4><\/div><\/div><div class=\"w-separator size_small\"><\/div><div class=\"w-iconbox iconpos_left style_default color_primary align_left no_text\"><div class=\"w-iconbox-icon\" style=\"font-size:2.5rem;\"><i class=\"fal fa-envelope\"><\/i><\/div><div class=\"w-iconbox-meta\"><h4 class=\"w-iconbox-title\">bursahasere16@gmail.com<\/h4><\/div><\/div><\/div><\/div><\/div><\/div><\/div><\/div><\/div><\/div><\/div><\/section>\n","protected":false},"excerpt":{"rendered":".g-cols.gap-10px{margin:0 calc(-1.5rem - 10px)}.gap-10px > .vc_column_container {padding:10px} \u0130leti\u015fim Bilgilerimiz Ahmetpa\u015fa Mah. Fahrikoruturk Cad. No:80 Bursa\/Osmangazi.0542 439 70 30bursahasere16@gmail.com","protected":false},"author":1,"featured_media":0,"parent":0,"menu_order":0,"comment_status":"closed","ping_status":"closed","template":"","meta":[],"_links":{"self":[{"href":"https:\/\/bursahasereilaclama.com\/index.php\/wp-json\/wp\/v2\/pages\/4828"}],"collection":[{"href":"https:\/\/bursahasereilaclama.com\/index.php\/wp-json\/wp\/v2\/pages"}],"about":[{"href":"https:\/\/bursahasereilaclama.com\/index.php\/wp-json\/wp\/v2\/types\/page"}],"author":[{"embeddable":true,"href":"https:\/\/bursahasereilaclama.com\/index.php\/wp-json\/wp\/v2\/users\/1"}],"replies":[{"embeddable":true,"href":"https:\/\/bursahasereilaclama.com\/index.php\/wp-json\/wp\/v2\/comments?post=4828"}],"version-history":[{"count":7,"href":"https:\/\/bursahasereilaclama.com\/index.php\/wp-json\/wp\/v2\/pages\/4828\/revisions"}],"predecessor-version":[{"id":7863,"href":"https:\/\/bursahasereilaclama.com\/index.php\/wp-json\/wp\/v2\/pages\/4828\/revisions\/7863"}],"wp:attachment":[{"href":"https:\/\/bursahasereilaclama.com\/index.php\/wp-json\/wp\/v2\/media?parent=4828"}],"curies":[{"name":"wp","href":"https:\/\/api.w.org\/{rel}","templated":true}]}}