{"id":4865,"date":"2015-10-26T12:35:37","date_gmt":"2015-10-26T12:35:37","guid":{"rendered":"http:\/\/impreza3.us-themes.com\/?page_id=4865"},"modified":"2015-10-26T12:35:37","modified_gmt":"2015-10-26T12:35:37","slug":"blog","status":"publish","type":"page","link":"https:\/\/bursahasereilaclama.com\/index.php\/blog\/","title":{"rendered":"Blog"},"content":{"rendered":"<section class=\"l-section wpb_row height_auto color_alternate with_img with_overlay\"><div class=\"l-section-img\" style=\"background-image: url(https:\/\/bursahasereilaclama.com\/wp-content\/uploads\/2020\/01\/us-placeholder-landscape.jpg);\" data-img-width=\"1800\" data-img-height=\"1200\"><\/div><div class=\"l-section-overlay\" style=\"background: rgba(34,35,41,0.8)\"><\/div><div class=\"l-section-h i-cf\"><div class=\"g-cols vc_row type_default valign_middle\"><div class=\"vc_col-sm-12 wpb_column vc_column_container\"><div class=\"vc_column-inner\"><div class=\"wpb_wrapper\"><h1 class=\"w-post-elm post_title align_center entry-title\" style=\"font-family:&#039;Open Sans&#039;, sans-serif;\" itemprop=\"headline\">Blog<\/h1><\/div><\/div><\/div><\/div><\/div><\/section><section class=\"l-section wpb_row height_auto\"><div class=\"l-section-h i-cf\"><div class=\"g-cols vc_row type_default valign_top\"><div class=\"vc_col-sm-12 wpb_column vc_column_container\"><div class=\"vc_column-inner\"><div class=\"wpb_wrapper\"><div class=\"w-grid type_grid layout_blog_4 cols_3\" id=\"us_grid_1\"><style id=\"us_grid_1_css\">#us_grid_1 .w-grid-item{padding:1.5rem}#us_grid_1 .w-grid-list{margin:-1.5rem -1.5rem 1.5rem}.w-grid + #us_grid_1 .w-grid-list{margin-top:1.5rem}.l-section.width_full>div>div>.vc_col-sm-12>div>div>#us_grid_1 .w-grid-list{margin-left:1.5rem;margin-right:1.5rem}.l-section.height_auto>div>div>.vc_col-sm-12>div>div>#us_grid_1:first-child .w-grid-list{margin-top:1.5rem}.l-section.height_auto>div>div>.vc_col-sm-12>div>div>#us_grid_1:last-child .w-grid-list{margin-bottom:1.5rem}@media (max-width:1199px){#us_grid_1 .w-grid-item{width:50%}}@media (max-width:899px){#us_grid_1 .w-grid-list{margin:0}#us_grid_1 .w-grid-item{width:100%;padding:0;margin-bottom:1.5rem}}@media (max-width:599px){#us_grid_1 .w-grid-list{margin:0}#us_grid_1 .w-grid-item{width:100%;padding:0;margin-bottom:1.5rem}}#us_grid_1 .w-post-elm.post_title{font-size:1.5rem}<\/style><style>#us_grid_1 .w-grid-item-h{}#us_grid_1 .usg_post_image_1{}#us_grid_1 .usg_post_title_1{font-size:1.2rem}#us_grid_1 .usg_hwrapper_1{color:#9da6a8}#us_grid_1 .usg_post_date_1{font-size:14px;line-height:1.6}#us_grid_1 .usg_post_comments_1{font-size:14px;line-height:1.6}#us_grid_1 .usg_post_title_1{margin-top:0.6rem;margin-bottom:0.3rem}<\/style><div class=\"w-grid-list\"><article class=\"w-grid-item ratio_1x1 size_1x1 post-7771 post type-post status-publish format-standard has-post-thumbnail hentry category-genel\" data-id=\"7771\">\r\n\t<div class=\"w-grid-item-h\">\r\n\t\t\t\t<div class=\"w-post-elm post_image usg_post_image_1 stretched\"><a href=\"https:\/\/bursahasereilaclama.com\/index.php\/2020\/06\/28\/garantili-bocek-ilaclama-ile-paraniz-cebinizde-kalsin\/\" aria-label=\"Garantili B\u00f6cek \u0130la\u00e7lama \u0130le Paran\u0131z Cebinizde Kals\u0131n\"><img width=\"900\" height=\"506\" src=\"data:image\/gif;base64,R0lGODlhAQABAIAAAAAAAP\/\/\/yH5BAEAAAAALAAAAAABAAEAAAIBRAA7\" data-lazy-type=\"image\" data-src=\"https:\/\/bursahasereilaclama.com\/wp-content\/uploads\/2020\/06\/bursa-bocek-ilaclama.jpg\" class=\"lazy lazy-hidden attachment-us_600_400_crop size-us_600_400_crop wp-post-image\" alt=\"\" loading=\"lazy\" srcset=\"\" data-srcset=\"https:\/\/bursahasereilaclama.com\/wp-content\/uploads\/2020\/06\/bursa-bocek-ilaclama.jpg 900w, https:\/\/bursahasereilaclama.com\/wp-content\/uploads\/2020\/06\/bursa-bocek-ilaclama-500x281.jpg 500w\" sizes=\"(max-width: 900px) 100vw, 900px\" \/><\/a><\/div><h2 class=\"w-post-elm post_title usg_post_title_1 entry-title color_link_inherit\"><a href=\"https:\/\/bursahasereilaclama.com\/index.php\/2020\/06\/28\/garantili-bocek-ilaclama-ile-paraniz-cebinizde-kalsin\/\">Garantili B\u00f6cek \u0130la\u00e7lama \u0130le Paran\u0131z Cebinizde Kals\u0131n<\/a><\/h2><div class=\"w-hwrapper usg_hwrapper_1 align_left valign_top wrap \"><time class=\"w-post-elm post_date usg_post_date_1 entry-date published\" datetime=\"2020-06-28T18:46:21+03:00\" title=\"28 Haziran 2020, 18:46:21 +03:00\">28 Haz 2020<\/time><div class=\"w-post-elm post_comments usg_post_comments_1 layout_amount color_link_inherit\"><i class=\"far fa-comments\"><\/i><a class=\"smooth-scroll\" href=\"https:\/\/bursahasereilaclama.com\/index.php\/2020\/06\/28\/garantili-bocek-ilaclama-ile-paraniz-cebinizde-kalsin\/#respond\">0<\/a><\/div><\/div>\t<\/div>\r\n<\/article>\r\n<article class=\"w-grid-item ratio_1x1 size_1x1 post-7768 post type-post status-publish format-standard has-post-thumbnail hentry category-genel\" data-id=\"7768\">\r\n\t<div class=\"w-grid-item-h\">\r\n\t\t\t\t<div class=\"w-post-elm post_image usg_post_image_1 stretched\"><a href=\"https:\/\/bursahasereilaclama.com\/index.php\/2020\/06\/28\/virus-dezenfeksiyon\/\" aria-label=\"Vir\u00fcs Dezenfeksiyon\"><img width=\"800\" height=\"450\" src=\"data:image\/gif;base64,R0lGODlhAQABAIAAAAAAAP\/\/\/yH5BAEAAAAALAAAAAABAAEAAAIBRAA7\" data-lazy-type=\"image\" data-src=\"https:\/\/bursahasereilaclama.com\/wp-content\/uploads\/2020\/06\/virus-dezenfekte.jpg\" class=\"lazy lazy-hidden attachment-us_600_400_crop size-us_600_400_crop wp-post-image\" alt=\"\" loading=\"lazy\" srcset=\"\" data-srcset=\"https:\/\/bursahasereilaclama.com\/wp-content\/uploads\/2020\/06\/virus-dezenfekte.jpg 800w, https:\/\/bursahasereilaclama.com\/wp-content\/uploads\/2020\/06\/virus-dezenfekte-500x281.jpg 500w\" sizes=\"(max-width: 800px) 100vw, 800px\" \/><\/a><\/div><h2 class=\"w-post-elm post_title usg_post_title_1 entry-title color_link_inherit\"><a href=\"https:\/\/bursahasereilaclama.com\/index.php\/2020\/06\/28\/virus-dezenfeksiyon\/\">Vir\u00fcs Dezenfeksiyon<\/a><\/h2><div class=\"w-hwrapper usg_hwrapper_1 align_left valign_top wrap \"><time class=\"w-post-elm post_date usg_post_date_1 entry-date published\" datetime=\"2020-06-28T18:39:53+03:00\" title=\"28 Haziran 2020, 18:39:53 +03:00\">28 Haz 2020<\/time><div class=\"w-post-elm post_comments usg_post_comments_1 layout_amount color_link_inherit\"><i class=\"far fa-comments\"><\/i><a class=\"smooth-scroll\" href=\"https:\/\/bursahasereilaclama.com\/index.php\/2020\/06\/28\/virus-dezenfeksiyon\/#respond\">0<\/a><\/div><\/div>\t<\/div>\r\n<\/article>\r\n<article class=\"w-grid-item ratio_1x1 size_1x1 post-7765 post type-post status-publish format-standard has-post-thumbnail hentry category-genel\" data-id=\"7765\">\r\n\t<div class=\"w-grid-item-h\">\r\n\t\t\t\t<div class=\"w-post-elm post_image usg_post_image_1 stretched\"><a href=\"https:\/\/bursahasereilaclama.com\/index.php\/2020\/06\/28\/nano-dezenfeksiyon\/\" aria-label=\"Nano Dezenfeksiyon\"><img width=\"888\" height=\"580\" src=\"data:image\/gif;base64,R0lGODlhAQABAIAAAAAAAP\/\/\/yH5BAEAAAAALAAAAAABAAEAAAIBRAA7\" data-lazy-type=\"image\" data-src=\"https:\/\/bursahasereilaclama.com\/wp-content\/uploads\/2020\/06\/nano-ilaclama.png\" class=\"lazy lazy-hidden attachment-us_600_400_crop size-us_600_400_crop wp-post-image\" alt=\"\" loading=\"lazy\" srcset=\"\" data-srcset=\"https:\/\/bursahasereilaclama.com\/wp-content\/uploads\/2020\/06\/nano-ilaclama.png 888w, https:\/\/bursahasereilaclama.com\/wp-content\/uploads\/2020\/06\/nano-ilaclama-500x327.png 500w\" sizes=\"(max-width: 888px) 100vw, 888px\" \/><\/a><\/div><h2 class=\"w-post-elm post_title usg_post_title_1 entry-title color_link_inherit\"><a href=\"https:\/\/bursahasereilaclama.com\/index.php\/2020\/06\/28\/nano-dezenfeksiyon\/\">Nano Dezenfeksiyon<\/a><\/h2><div class=\"w-hwrapper usg_hwrapper_1 align_left valign_top wrap \"><time class=\"w-post-elm post_date usg_post_date_1 entry-date published\" datetime=\"2020-06-28T18:35:22+03:00\" title=\"28 Haziran 2020, 18:35:22 +03:00\">28 Haz 2020<\/time><div class=\"w-post-elm post_comments usg_post_comments_1 layout_amount color_link_inherit\"><i class=\"far fa-comments\"><\/i><a class=\"smooth-scroll\" href=\"https:\/\/bursahasereilaclama.com\/index.php\/2020\/06\/28\/nano-dezenfeksiyon\/#respond\">0<\/a><\/div><\/div>\t<\/div>\r\n<\/article>\r\n<\/div>\t<div class=\"w-grid-json hidden\" onclick='return {&quot;ajax_url&quot;:&quot;https:\\\/\\\/bursahasereilaclama.com\\\/wp-admin\\\/admin-ajax.php&quot;,&quot;permalink_url&quot;:&quot;https:\\\/\\\/bursahasereilaclama.com\\\/index.php\\\/2020\\\/06\\\/28\\\/nano-dezenfeksiyon\\\/&quot;,&quot;action&quot;:&quot;us_ajax_grid&quot;,&quot;max_num_pages&quot;:1,&quot;infinite_scroll&quot;:0,&quot;template_vars&quot;:{&quot;query_args&quot;:{&quot;post_type&quot;:[&quot;post&quot;],&quot;post_status&quot;:[&quot;publish&quot;],&quot;orderby&quot;:{&quot;date&quot;:&quot;DESC&quot;},&quot;posts_per_page&quot;:&quot;6&quot;},&quot;post_id&quot;:4865,&quot;us_grid_index&quot;:1,&quot;us_grid_ajax_index&quot;:1,&quot;exclude_items&quot;:&quot;none&quot;,&quot;items_offset&quot;:&quot;1&quot;,&quot;items_layout&quot;:&quot;blog_4&quot;,&quot;type&quot;:&quot;grid&quot;,&quot;columns&quot;:&quot;3&quot;,&quot;img_size&quot;:&quot;us_600_400_crop&quot;,&quot;overriding_link&quot;:&quot;none&quot;}}'><\/div>\r\n<\/div><\/div><\/div><\/div><\/div><\/div><\/section>\n","protected":false},"excerpt":{"rendered":"BURSA N\u0130L\u00dcFER NANO DEZENFEKTASYON Sa\u011fl\u0131k Bakanl\u0131\u011f\u0131\u2019ndan al\u0131nan Tip2 (hastanelerde dahil olmak \u00fczere kamu, \u00f6zel ve end\u00fcstriyel alanlarda hava, y\u00fczey, materyal, ekipman ve mobilyan\u0131n dezenfeksiyonu \u201cBiyosidal \u00dcr\u00fcn Ruhsatnamesi \u201cne sahip, uzun s\u00fcreli etkili, antibakteriyel ve koku gidericidir. Nano Teknoloji Laboratuarlar\u0131nda geli\u015ftirilmi\u015f, Avrupa Birli\u011fi Standartlar\u0131na g\u00f6re \u00fcretilmi\u015f, \u00e7ok \u00f6zel form\u00fcll\u00fc, patentli nano g\u00fcm\u00fc\u015f sol\u00fcsyonu ihtiva eder. Uzun...","protected":false},"author":1,"featured_media":0,"parent":0,"menu_order":0,"comment_status":"closed","ping_status":"closed","template":"","meta":[],"_links":{"self":[{"href":"https:\/\/bursahasereilaclama.com\/index.php\/wp-json\/wp\/v2\/pages\/4865"}],"collection":[{"href":"https:\/\/bursahasereilaclama.com\/index.php\/wp-json\/wp\/v2\/pages"}],"about":[{"href":"https:\/\/bursahasereilaclama.com\/index.php\/wp-json\/wp\/v2\/types\/page"}],"author":[{"embeddable":true,"href":"https:\/\/bursahasereilaclama.com\/index.php\/wp-json\/wp\/v2\/users\/1"}],"replies":[{"embeddable":true,"href":"https:\/\/bursahasereilaclama.com\/index.php\/wp-json\/wp\/v2\/comments?post=4865"}],"version-history":[{"count":0,"href":"https:\/\/bursahasereilaclama.com\/index.php\/wp-json\/wp\/v2\/pages\/4865\/revisions"}],"wp:attachment":[{"href":"https:\/\/bursahasereilaclama.com\/index.php\/wp-json\/wp\/v2\/media?parent=4865"}],"curies":[{"name":"wp","href":"https:\/\/api.w.org\/{rel}","templated":true}]}}