{"id":7093,"date":"2013-05-31T11:57:37","date_gmt":"2013-05-31T11:57:37","guid":{"rendered":"http:\/\/impreza.us-themes.net\/pages\/about\/"},"modified":"2020-06-28T14:57:17","modified_gmt":"2020-06-28T11:57:17","slug":"about","status":"publish","type":"page","link":"https:\/\/bursahasereilaclama.com\/index.php\/about\/","title":{"rendered":"Hakk\u0131m\u0131zda"},"content":{"rendered":"<section class=\"l-section wpb_row height_auto color_primary with_img parallax_hor bgwidth_120 with_overlay\"><div class=\"l-section-img\" style=\"background-image: url(https:\/\/bursahasereilaclama.com\/wp-content\/uploads\/2019\/07\/us-placeholder-landscape.jpg);\" data-img-width=\"1800\" data-img-height=\"1200\"><\/div><div class=\"l-section-overlay\" style=\"background: rgba(2,2,2,0.67)\"><\/div><div class=\"l-section-h i-cf\"><div class=\"g-cols vc_row type_default valign_top\"><div class=\"vc_col-sm-12 wpb_column vc_column_container\"><div class=\"vc_column-inner\"><div class=\"wpb_wrapper\"><h1 class=\"w-page-title align_left\" itemprop=\"headline\" style=\"font-family:&#039;Open Sans&#039;, sans-serif;\">Hakk\u0131m\u0131zda<\/h1><\/div><\/div><\/div><\/div><\/div><\/section><section class=\"l-section wpb_row height_auto color_alternate\" id=\"intro\"><div class=\"l-section-h i-cf\"><div class=\"g-cols vc_row type_default valign_top\"><div class=\"vc_col-sm-12 wpb_column vc_column_container\"><div class=\"vc_column-inner\"><div class=\"wpb_wrapper\"><div class=\"w-separator size_large\"><\/div><div class=\"g-cols wpb_row  type_default valign_top vc_inner \"><div class=\"vc_col-sm-12 vc_col-md-offset-3 vc_col-md-6 wpb_column vc_column_container\"><div class=\"vc_column-inner\"><div class=\"wpb_wrapper\">\r\n\t<div class=\"wpb_text_column \">\r\n\t\t<div class=\"wpb_wrapper\">\r\n\t\t\t<h2 style=\"text-align: center;\">Bursa Nil\u00fcfer \u0130la\u00e7lama<\/h2>\n<p style=\"text-align: center;\">Firmam\u0131z, zararl\u0131larla m\u00fccadele konusunda,\u00a0T.C. Sa\u011fl\u0131k Bakanl\u0131\u011f\u0131, HACCP, TSE, BRC, A\u0130B\u00a0Standartlar\u0131na uygun faaliyet g\u00f6stermektedir.\u00a0Sa\u011fl\u0131k Bakanl\u0131\u011f\u0131 Temel Sa\u011fl\u0131k Hizmetleri Genel M\u00fcd\u00fcrl\u00fc\u011f\u00fc\u2019n\u00fcn halk sa\u011fl\u0131\u011f\u0131 alan\u0131nda, ha\u015ferelere kar\u015f\u0131 ila\u00e7lama usul ve esaslar\u0131 hakk\u0131ndaki y\u00f6netmelik gere\u011fi, sertifikal\u0131 sorumlu m\u00fcd\u00fcr sorumlulu\u011funda hizmet vermekteyiz.<\/p>\n\r\n\t\t<\/div>\r\n\t<\/div>\r\n<\/div><\/div><\/div><\/div><div class=\"w-separator size_large\"><\/div><\/div><\/div><\/div><\/div><\/div><\/section><section class=\"l-section wpb_row height_auto\" id=\"history\"><div class=\"l-section-h i-cf\"><div class=\"g-cols vc_row type_default valign_top\"><div class=\"vc_col-sm-6 wpb_column vc_column_container\"><div class=\"vc_column-inner  vc_custom_1593345377874\"><div class=\"wpb_wrapper\">\r\n\t<div class=\"wpb_text_column \">\r\n\t\t<div class=\"wpb_wrapper\">\r\n\t\t\t<p>Hedef sekt\u00f6r grubu olarak; G\u0131da \u0130\u015fletmeleri, Sa\u011fl\u0131k Kurumlar\u0131, Fabrikalar ve Turizm \u0130\u015fletmeleri ile ilgili t\u00fcm kurulu\u015flar yer almaktad\u0131r.<\/p>\n<p>Firmam\u0131z, daha da kaliteli hizmet verebilmek amac\u0131yla geli\u015fen ve buna ba\u011fl\u0131 olarak, sekt\u00f6r i\u00e7erisindeki yerini, daha da sa\u011flamla\u015ft\u0131rmak i\u00e7in, tecr\u00fcbeli bir kadroyla \u00e7al\u0131\u015fma prensibini benimsemi\u015f, organizasyonun kurulmas\u0131 ve geli\u015ftirilmesi s\u00fcrecinde, \u2018Toplam Kalite Y\u00f6netimi\u2019 ilkelerini hedef alm\u0131\u015ft\u0131r. Bu nedenle, kadromuzda yer alan personelimizin, olu\u015fabilecek t\u00fcm sonu\u00e7larda \u00e7\u00f6z\u00fcm sa\u011flayabilecek kalifikasyona sahip olmas\u0131, bizler i\u00e7in en \u00f6nemli ama\u00e7 olmaktad\u0131r. Hizmet verdi\u011fimiz i\u015fletmelerde,\u00a07 g\u00fcn 24\u00a0saat prensibi ile hizmet veren kadromuzla, her t\u00fcrl\u00fc sorun, acil \u00e7a\u011fr\u0131 ve ihtiya\u00e7lara, en k\u0131sa s\u00fcrede \u00e7\u00f6z\u00fcm bulmak amac\u0131nday\u0131z.<\/p>\n<p>Misyon;<br \/>\nVerece\u011fimiz hizmetleri; en kaliteli \u015fekilde en az maliyetle \u00e7e\u015fitlili\u011fini artt\u0131rarak, ula\u015ft\u0131rabilece\u011fimiz t\u00fcm kesimlere en k\u0131sa s\u00fcrede ula\u015ft\u0131r\u0131p; sekt\u00f6r\u00fcm\u00fczde \u00f6nc\u00fc, lider ve de\u011fi\u015fime a\u00e7\u0131k, \u00e7evreye duyarl\u0131, s\u00fcrekli b\u00fcy\u00fcyen bir firma haline gelmektir.<\/p>\n<p>Vizyon;<br \/>\nHalk Sa\u011fl\u0131\u011f\u0131 Alan\u0131nda; sekt\u00f6rde \u00f6nc\u00fc, geli\u015fen teknolojiyi en iyi \u015fekilde kullan\u0131p \u00e7al\u0131\u015fanlar\u0131m\u0131z\u0131 ve hizmetlerimizi s\u00fcrekli geli\u015ftirerek,\u00a0<b>BURSA HASERE<\/b>\u00a0hizmet vermeyi hedeflemekteyiz.<\/p>\n\r\n\t\t<\/div>\r\n\t<\/div>\r\n<\/div><\/div><\/div><div class=\"vc_col-sm-6 wpb_column vc_column_container\"><div class=\"vc_column-inner\"><div class=\"wpb_wrapper\"><div class=\"w-image align_center animate_afr vc_custom_1593345365080\"><div class=\"w-image-h\"><img width=\"1200\" height=\"800\" src=\"data:image\/gif;base64,R0lGODlhAQABAIAAAAAAAP\/\/\/yH5BAEAAAAALAAAAAABAAEAAAIBRAA7\" data-lazy-type=\"image\" data-src=\"https:\/\/bursahasereilaclama.com\/wp-content\/uploads\/revslider\/travel3.jpg\" class=\"lazy lazy-hidden attachment-full size-full\" alt=\"\" loading=\"lazy\" srcset=\"\" data-srcset=\"https:\/\/bursahasereilaclama.com\/wp-content\/uploads\/revslider\/travel3.jpg 1200w, https:\/\/bursahasereilaclama.com\/wp-content\/uploads\/revslider\/travel3-300x200.jpg 300w, https:\/\/bursahasereilaclama.com\/wp-content\/uploads\/revslider\/travel3-1024x683.jpg 1024w\" sizes=\"(max-width: 1200px) 100vw, 1200px\" \/><\/div><\/div><\/div><\/div><\/div><\/div><\/div><\/section><section class=\"l-section wpb_row height_auto\"><div class=\"l-section-h i-cf\"><div class=\"g-cols vc_row type_default valign_top\"><div class=\"vc_col-sm-12 wpb_column vc_column_container\"><div class=\"vc_column-inner\"><div class=\"wpb_wrapper\"><div class=\"w-separator size_large\"><\/div><\/div><\/div><\/div><\/div><\/div><\/section>\n","protected":false},"excerpt":{"rendered":"Hakk\u0131m\u0131zda Bursa Nil\u00fcfer \u0130la\u00e7lama Firmam\u0131z, zararl\u0131larla m\u00fccadele konusunda,\u00a0T.C. Sa\u011fl\u0131k Bakanl\u0131\u011f\u0131, HACCP, TSE, BRC, A\u0130B\u00a0Standartlar\u0131na uygun faaliyet g\u00f6stermektedir.\u00a0Sa\u011fl\u0131k Bakanl\u0131\u011f\u0131 Temel Sa\u011fl\u0131k Hizmetleri Genel M\u00fcd\u00fcrl\u00fc\u011f\u00fc\u2019n\u00fcn halk sa\u011fl\u0131\u011f\u0131 alan\u0131nda, ha\u015ferelere kar\u015f\u0131 ila\u00e7lama usul ve esaslar\u0131 hakk\u0131ndaki y\u00f6netmelik gere\u011fi, sertifikal\u0131 sorumlu m\u00fcd\u00fcr sorumlulu\u011funda hizmet vermekteyiz. Hedef sekt\u00f6r grubu olarak; G\u0131da \u0130\u015fletmeleri, Sa\u011fl\u0131k Kurumlar\u0131, Fabrikalar ve Turizm \u0130\u015fletmeleri ile ilgili...","protected":false},"author":1,"featured_media":0,"parent":0,"menu_order":0,"comment_status":"closed","ping_status":"closed","template":"","meta":[],"_links":{"self":[{"href":"https:\/\/bursahasereilaclama.com\/index.php\/wp-json\/wp\/v2\/pages\/7093"}],"collection":[{"href":"https:\/\/bursahasereilaclama.com\/index.php\/wp-json\/wp\/v2\/pages"}],"about":[{"href":"https:\/\/bursahasereilaclama.com\/index.php\/wp-json\/wp\/v2\/types\/page"}],"author":[{"embeddable":true,"href":"https:\/\/bursahasereilaclama.com\/index.php\/wp-json\/wp\/v2\/users\/1"}],"replies":[{"embeddable":true,"href":"https:\/\/bursahasereilaclama.com\/index.php\/wp-json\/wp\/v2\/comments?post=7093"}],"version-history":[{"count":12,"href":"https:\/\/bursahasereilaclama.com\/index.php\/wp-json\/wp\/v2\/pages\/7093\/revisions"}],"predecessor-version":[{"id":7663,"href":"https:\/\/bursahasereilaclama.com\/index.php\/wp-json\/wp\/v2\/pages\/7093\/revisions\/7663"}],"wp:attachment":[{"href":"https:\/\/bursahasereilaclama.com\/index.php\/wp-json\/wp\/v2\/media?parent=7093"}],"curies":[{"name":"wp","href":"https:\/\/api.w.org\/{rel}","templated":true}]}}