{"id":7723,"date":"2020-06-28T15:20:35","date_gmt":"2020-06-28T12:20:35","guid":{"rendered":"http:\/\/bursahasereilaclama.com\/?page_id=7723"},"modified":"2020-06-30T12:07:46","modified_gmt":"2020-06-30T09:07:46","slug":"hasereler","status":"publish","type":"page","link":"https:\/\/bursahasereilaclama.com\/index.php\/hasereler\/","title":{"rendered":"Ha\u015fereler"},"content":{"rendered":"<section class=\"l-section wpb_row height_auto\"><div class=\"l-section-h i-cf\"><div class=\"g-cols vc_row type_default valign_top\"><div class=\"vc_col-sm-12 wpb_column vc_column_container\"><div class=\"vc_column-inner\"><div class=\"wpb_wrapper\"><div class=\"w-grid type_grid layout_portfolio_2 cols_3 height_fixed\" id=\"us_grid_1\"><style id=\"us_grid_1_css\">#us_grid_1 .w-grid-item{padding:1.5rem}#us_grid_1 .w-grid-list{margin:-1.5rem}.w-grid + #us_grid_1 .w-grid-list{margin-top:1.5rem}.l-section.width_full>div>div>.vc_col-sm-12>div>div>#us_grid_1 .w-grid-list{margin-left:1.5rem;margin-right:1.5rem}.l-section.height_auto>div>div>.vc_col-sm-12>div>div>#us_grid_1:first-child .w-grid-list{margin-top:1.5rem}.l-section.height_auto>div>div>.vc_col-sm-12>div>div>#us_grid_1:last-child .w-grid-list{margin-bottom:1.5rem}@media (max-width:899px){#us_grid_1 .w-grid-item{width:50%}#us_grid_1 .w-grid-item.size_2x1,#us_grid_1 .w-grid-item.size_2x2{width:100%}}@media (max-width:599px){#us_grid_1 .w-grid-list{margin:0}#us_grid_1 .w-grid-item{width:100%;padding:0;margin-bottom:1.5rem}}<\/style><style>#us_grid_1 .w-grid-item-h:before{padding-bottom:100.0000%}@media (min-width:600px){#us_grid_1 .w-grid-item.size_1x2 .w-grid-item-h:before{padding-bottom:calc(200% + 1.5rem + 1.5rem)}#us_grid_1 .w-grid-item.size_2x1 .w-grid-item-h:before{padding-bottom:calc(50% - 1.5rem * 1)}#us_grid_1 .w-grid-item.size_2x2 .w-grid-item-h:before{padding-bottom:calc(100% - 1.5rem * 0)}}#us_grid_1 .w-grid-item-h{background:#333333}#us_grid_1 .usg_post_image_1{}#us_grid_1 .usg_post_image_1{transition-duration:0.35s;transform:scale(1) translate(0,0)}#us_grid_1 .w-grid-item-h:hover .usg_post_image_1{transform:scale(1.1) translate(0,0);opacity:0.1}#us_grid_1 .usg_vwrapper_1{background:linear-gradient( transparent, rgba(30,30,30,0.8))}#us_grid_1 .usg_post_title_1{font-family:'Open Sans', sans-serif;font-size:1.2rem;color:#ffffff}#us_grid_1 .usg_post_date_1{font-size:0.9rem;color:#ffffff}#us_grid_1 .usg_post_image_1{position:absolute;top:0;right:0;bottom:0;left:0}#us_grid_1 .usg_vwrapper_1{position:absolute;right:0;bottom:0;left:0;padding-top:4rem;padding-right:2rem;padding-bottom:1.5rem;padding-left:2rem}<\/style><div class=\"w-grid-list\"><article class=\"w-grid-item ratio_1x1 size_1x1 post-7807 us_portfolio type-us_portfolio status-publish has-post-thumbnail hentry us_portfolio_category-hasereler\" data-id=\"7807\">\r\n\t<div class=\"w-grid-item-h\">\r\n\t\t\t\t\t<a class=\"w-grid-item-anchor\" href=\"https:\/\/bursahasereilaclama.com\/index.php\/portfolio\/hamam-bocegi\/\" rel=\"bookmark\" aria-label=\"Hamam B\u00f6ce\u011fi\"><\/a>\r\n\t\t\t\t<div class=\"w-post-elm post_image usg_post_image_1 stretched\"><img width=\"471\" height=\"313\" src=\"data:image\/gif;base64,R0lGODlhAQABAIAAAAAAAP\/\/\/yH5BAEAAAAALAAAAAABAAEAAAIBRAA7\" data-lazy-type=\"image\" data-src=\"https:\/\/bursahasereilaclama.com\/wp-content\/uploads\/2020\/06\/hamam-bocegi-bursa-ilaclama.jpg\" class=\"lazy lazy-hidden attachment-large size-large wp-post-image\" alt=\"\" loading=\"lazy\" \/><\/div><div class=\"w-vwrapper usg_vwrapper_1 align_left valign_top bg_gradient \"><h2 class=\"w-post-elm post_title usg_post_title_1 with_text_color entry-title\">Hamam B\u00f6ce\u011fi<\/h2><time class=\"w-post-elm post_date usg_post_date_1 with_text_color entry-date published\" datetime=\"2020-06-30T11:03:27+03:00\">30 Haziran 2020<\/time><\/div>\t<\/div>\r\n<\/article>\r\n<article class=\"w-grid-item ratio_1x1 size_1x1 post-7804 us_portfolio type-us_portfolio status-publish has-post-thumbnail hentry us_portfolio_category-hasereler\" data-id=\"7804\">\r\n\t<div class=\"w-grid-item-h\">\r\n\t\t\t\t\t<a class=\"w-grid-item-anchor\" href=\"https:\/\/bursahasereilaclama.com\/index.php\/portfolio\/guveler\/\" rel=\"bookmark\" aria-label=\"G\u00fcveler\"><\/a>\r\n\t\t\t\t<div class=\"w-post-elm post_image usg_post_image_1 stretched\"><img width=\"800\" height=\"550\" src=\"data:image\/gif;base64,R0lGODlhAQABAIAAAAAAAP\/\/\/yH5BAEAAAAALAAAAAABAAEAAAIBRAA7\" data-lazy-type=\"image\" data-src=\"https:\/\/bursahasereilaclama.com\/wp-content\/uploads\/2020\/06\/guve-bursa-ilaclama.jpg\" class=\"lazy lazy-hidden attachment-large size-large wp-post-image\" alt=\"\" loading=\"lazy\" srcset=\"\" data-srcset=\"https:\/\/bursahasereilaclama.com\/wp-content\/uploads\/2020\/06\/guve-bursa-ilaclama.jpg 800w, https:\/\/bursahasereilaclama.com\/wp-content\/uploads\/2020\/06\/guve-bursa-ilaclama-500x344.jpg 500w\" sizes=\"(max-width: 800px) 100vw, 800px\" \/><\/div><div class=\"w-vwrapper usg_vwrapper_1 align_left valign_top bg_gradient \"><h2 class=\"w-post-elm post_title usg_post_title_1 with_text_color entry-title\">G\u00fcveler<\/h2><time class=\"w-post-elm post_date usg_post_date_1 with_text_color entry-date published\" datetime=\"2020-06-30T11:02:08+03:00\">30 Haziran 2020<\/time><\/div>\t<\/div>\r\n<\/article>\r\n<article class=\"w-grid-item ratio_1x1 size_1x1 post-7800 us_portfolio type-us_portfolio status-publish has-post-thumbnail hentry us_portfolio_category-hasereler\" data-id=\"7800\">\r\n\t<div class=\"w-grid-item-h\">\r\n\t\t\t\t\t<a class=\"w-grid-item-anchor\" href=\"https:\/\/bursahasereilaclama.com\/index.php\/portfolio\/pireler\/\" rel=\"bookmark\" aria-label=\"Pireler\"><\/a>\r\n\t\t\t\t<div class=\"w-post-elm post_image usg_post_image_1 stretched\"><img width=\"800\" height=\"533\" src=\"data:image\/gif;base64,R0lGODlhAQABAIAAAAAAAP\/\/\/yH5BAEAAAAALAAAAAABAAEAAAIBRAA7\" data-lazy-type=\"image\" data-src=\"https:\/\/bursahasereilaclama.com\/wp-content\/uploads\/2020\/06\/pire-bursa-ilaclama.jpg\" class=\"lazy lazy-hidden attachment-large size-large wp-post-image\" alt=\"\" loading=\"lazy\" srcset=\"\" data-srcset=\"https:\/\/bursahasereilaclama.com\/wp-content\/uploads\/2020\/06\/pire-bursa-ilaclama.jpg 800w, https:\/\/bursahasereilaclama.com\/wp-content\/uploads\/2020\/06\/pire-bursa-ilaclama-500x333.jpg 500w\" sizes=\"(max-width: 800px) 100vw, 800px\" \/><\/div><div class=\"w-vwrapper usg_vwrapper_1 align_left valign_top bg_gradient \"><h2 class=\"w-post-elm post_title usg_post_title_1 with_text_color entry-title\">Pireler<\/h2><time class=\"w-post-elm post_date usg_post_date_1 with_text_color entry-date published\" datetime=\"2020-06-30T10:59:25+03:00\">30 Haziran 2020<\/time><\/div>\t<\/div>\r\n<\/article>\r\n<article class=\"w-grid-item ratio_1x1 size_1x1 post-7797 us_portfolio type-us_portfolio status-publish has-post-thumbnail hentry us_portfolio_category-hasereler\" data-id=\"7797\">\r\n\t<div class=\"w-grid-item-h\">\r\n\t\t\t\t\t<a class=\"w-grid-item-anchor\" href=\"https:\/\/bursahasereilaclama.com\/index.php\/portfolio\/kemirgenler\/\" rel=\"bookmark\" aria-label=\"Kemirgenler\"><\/a>\r\n\t\t\t\t<div class=\"w-post-elm post_image usg_post_image_1 stretched\"><img width=\"915\" height=\"606\" src=\"data:image\/gif;base64,R0lGODlhAQABAIAAAAAAAP\/\/\/yH5BAEAAAAALAAAAAABAAEAAAIBRAA7\" data-lazy-type=\"image\" data-src=\"https:\/\/bursahasereilaclama.com\/wp-content\/uploads\/2020\/06\/kemirgenler-fare-bursa-hasere-ilaclama.jpg\" class=\"lazy lazy-hidden attachment-large size-large wp-post-image\" alt=\"\" loading=\"lazy\" srcset=\"\" data-srcset=\"https:\/\/bursahasereilaclama.com\/wp-content\/uploads\/2020\/06\/kemirgenler-fare-bursa-hasere-ilaclama.jpg 915w, https:\/\/bursahasereilaclama.com\/wp-content\/uploads\/2020\/06\/kemirgenler-fare-bursa-hasere-ilaclama-500x331.jpg 500w\" sizes=\"(max-width: 915px) 100vw, 915px\" \/><\/div><div class=\"w-vwrapper usg_vwrapper_1 align_left valign_top bg_gradient \"><h2 class=\"w-post-elm post_title usg_post_title_1 with_text_color entry-title\">Kemirgenler<\/h2><time class=\"w-post-elm post_date usg_post_date_1 with_text_color entry-date published\" datetime=\"2020-06-30T10:58:24+03:00\">30 Haziran 2020<\/time><\/div>\t<\/div>\r\n<\/article>\r\n<article class=\"w-grid-item ratio_1x1 size_1x1 post-7792 us_portfolio type-us_portfolio status-publish has-post-thumbnail hentry us_portfolio_category-hasereler\" data-id=\"7792\">\r\n\t<div class=\"w-grid-item-h\">\r\n\t\t\t\t\t<a class=\"w-grid-item-anchor\" href=\"https:\/\/bursahasereilaclama.com\/index.php\/portfolio\/termitler\/\" rel=\"bookmark\" aria-label=\"Termitler\"><\/a>\r\n\t\t\t\t<div class=\"w-post-elm post_image usg_post_image_1 stretched\"><img width=\"1015\" height=\"672\" src=\"data:image\/gif;base64,R0lGODlhAQABAIAAAAAAAP\/\/\/yH5BAEAAAAALAAAAAABAAEAAAIBRAA7\" data-lazy-type=\"image\" data-src=\"https:\/\/bursahasereilaclama.com\/wp-content\/uploads\/2020\/06\/termit_bursa_hasere_ilaclama.png\" class=\"lazy lazy-hidden attachment-large size-large wp-post-image\" alt=\"\" loading=\"lazy\" srcset=\"\" data-srcset=\"https:\/\/bursahasereilaclama.com\/wp-content\/uploads\/2020\/06\/termit_bursa_hasere_ilaclama.png 1015w, https:\/\/bursahasereilaclama.com\/wp-content\/uploads\/2020\/06\/termit_bursa_hasere_ilaclama-500x331.png 500w\" sizes=\"(max-width: 1015px) 100vw, 1015px\" \/><\/div><div class=\"w-vwrapper usg_vwrapper_1 align_left valign_top bg_gradient \"><h2 class=\"w-post-elm post_title usg_post_title_1 with_text_color entry-title\">Termitler<\/h2><time class=\"w-post-elm post_date usg_post_date_1 with_text_color entry-date published\" datetime=\"2020-06-30T10:37:01+03:00\">30 Haziran 2020<\/time><\/div>\t<\/div>\r\n<\/article>\r\n<article class=\"w-grid-item ratio_1x1 size_1x1 post-7789 us_portfolio type-us_portfolio status-publish has-post-thumbnail hentry us_portfolio_category-hasereler\" data-id=\"7789\">\r\n\t<div class=\"w-grid-item-h\">\r\n\t\t\t\t\t<a class=\"w-grid-item-anchor\" href=\"https:\/\/bursahasereilaclama.com\/index.php\/portfolio\/tahta-kurusu\/\" rel=\"bookmark\" aria-label=\"Tahta Kurusu\"><\/a>\r\n\t\t\t\t<div class=\"w-post-elm post_image usg_post_image_1 stretched\"><img width=\"500\" height=\"341\" src=\"data:image\/gif;base64,R0lGODlhAQABAIAAAAAAAP\/\/\/yH5BAEAAAAALAAAAAABAAEAAAIBRAA7\" data-lazy-type=\"image\" data-src=\"https:\/\/bursahasereilaclama.com\/wp-content\/uploads\/2020\/06\/tahtakurusu_bursa_hasere_ilaclama.jpg\" class=\"lazy lazy-hidden attachment-large size-large wp-post-image\" alt=\"\" loading=\"lazy\" \/><\/div><div class=\"w-vwrapper usg_vwrapper_1 align_left valign_top bg_gradient \"><h2 class=\"w-post-elm post_title usg_post_title_1 with_text_color entry-title\">Tahta Kurusu<\/h2><time class=\"w-post-elm post_date usg_post_date_1 with_text_color entry-date published\" datetime=\"2020-06-30T10:33:47+03:00\">30 Haziran 2020<\/time><\/div>\t<\/div>\r\n<\/article>\r\n<\/div>\t<div class=\"w-grid-json hidden\" onclick='return {&quot;ajax_url&quot;:&quot;https:\\\/\\\/bursahasereilaclama.com\\\/wp-admin\\\/admin-ajax.php&quot;,&quot;permalink_url&quot;:&quot;https:\\\/\\\/bursahasereilaclama.com\\\/index.php\\\/portfolio\\\/tahta-kurusu\\\/&quot;,&quot;action&quot;:&quot;us_ajax_grid&quot;,&quot;max_num_pages&quot;:1,&quot;infinite_scroll&quot;:0,&quot;template_vars&quot;:{&quot;query_args&quot;:{&quot;post_type&quot;:[&quot;us_portfolio&quot;],&quot;tax_query&quot;:[{&quot;taxonomy&quot;:&quot;us_portfolio_category&quot;,&quot;field&quot;:&quot;slug&quot;,&quot;terms&quot;:[&quot;hasereler&quot;]}],&quot;post_status&quot;:[&quot;publish&quot;],&quot;orderby&quot;:{&quot;date&quot;:&quot;DESC&quot;},&quot;posts_per_page&quot;:&quot;20&quot;},&quot;post_id&quot;:7723,&quot;us_grid_index&quot;:1,&quot;us_grid_ajax_index&quot;:1,&quot;exclude_items&quot;:&quot;none&quot;,&quot;items_offset&quot;:&quot;1&quot;,&quot;items_layout&quot;:&quot;portfolio_2&quot;,&quot;type&quot;:&quot;grid&quot;,&quot;columns&quot;:&quot;3&quot;,&quot;img_size&quot;:&quot;default&quot;,&quot;overriding_link&quot;:&quot;post&quot;}}'><\/div>\r\n<\/div><\/div><\/div><\/div><\/div><\/div><\/section>\n","protected":false},"excerpt":{"rendered":"Tahtakurusu, asl\u0131nda bir b\u00f6ce\u011fin ad\u0131 de\u011fil; Hemiptera tak\u0131m\u0131n\u0131n Cimicidae familyas\u0131na ait b\u00f6ceklerin t\u00fcr\u00fcn\u00fcn ortak ismidir. Yayg\u0131n olarak g\u00f6r\u00fcnen ve halk taraf\u0131ndan g\u00f6r\u00fcld\u00fc\u011f\u00fc zaman tahtakurusu olarak nitelendirilen b\u00f6cek, k\u0131rm\u0131z\u0131ya yak\u0131n bir kahverengi tonuna sahiptir. Tahtakurusu memelilerden ve ku\u015flardan kan emerek ya\u015famaktad\u0131r. Is\u0131rmak sureti ile kan emerken, sebep oldu\u011fu belirgin ve bilinen bir hastal\u0131k yoktur. Ancak bu...","protected":false},"author":1,"featured_media":0,"parent":0,"menu_order":0,"comment_status":"closed","ping_status":"closed","template":"","meta":[],"_links":{"self":[{"href":"https:\/\/bursahasereilaclama.com\/index.php\/wp-json\/wp\/v2\/pages\/7723"}],"collection":[{"href":"https:\/\/bursahasereilaclama.com\/index.php\/wp-json\/wp\/v2\/pages"}],"about":[{"href":"https:\/\/bursahasereilaclama.com\/index.php\/wp-json\/wp\/v2\/types\/page"}],"author":[{"embeddable":true,"href":"https:\/\/bursahasereilaclama.com\/index.php\/wp-json\/wp\/v2\/users\/1"}],"replies":[{"embeddable":true,"href":"https:\/\/bursahasereilaclama.com\/index.php\/wp-json\/wp\/v2\/comments?post=7723"}],"version-history":[{"count":8,"href":"https:\/\/bursahasereilaclama.com\/index.php\/wp-json\/wp\/v2\/pages\/7723\/revisions"}],"predecessor-version":[{"id":7841,"href":"https:\/\/bursahasereilaclama.com\/index.php\/wp-json\/wp\/v2\/pages\/7723\/revisions\/7841"}],"wp:attachment":[{"href":"https:\/\/bursahasereilaclama.com\/index.php\/wp-json\/wp\/v2\/media?parent=7723"}],"curies":[{"name":"wp","href":"https:\/\/api.w.org\/{rel}","templated":true}]}}